{"id":7264,"date":"2022-04-05T14:09:46","date_gmt":"2022-04-05T12:09:46","guid":{"rendered":"https:\/\/www.ibff.it\/?post_type=product&#038;p=7264"},"modified":"2025-12-29T18:30:21","modified_gmt":"2025-12-29T17:30:21","slug":"planning-strategy-workshop","status":"publish","type":"product","link":"https:\/\/ibff.it\/en\/prodotto\/planning-strategy-workshop\/","title":{"rendered":"Planning Strategy &#8211; La Bibbia della FitBoxe"},"content":{"rendered":"<p>La guida indispensabile per programmare, organizzare e gestire nel modo pi\u00f9 efficace il tuo corso di FitBoxe.<br \/>\nDocente: Vincenzo Mazzarella, Master Trainer GroupBoxing<\/p>\n<p>&nbsp;<\/p>\n<p><strong>GB PLANNING STRATEGY<\/strong>:\u00a0<em>Principi ed idee per una programmazione consapevole.<\/em><\/p>\n<p>La guida indispensabile per rendere davvero di successo (e di valore) il tuo corso di FitBoxe<\/p>\n<p>Con\u00a0<strong><span style=\"text-decoration: underline;\">Vincenzo Mazzarella<\/span><\/strong>, Creator IBFF\u00ae<\/p>\n<p>PER TUTTI GLI ISTRUTTORI DI FITBOXE E COMBAT FITNESS!<\/p>\n<p>&#8220;Un passo alla volta, un pugno alla volta&#8230;&#8221;<\/p>\n<p>Per la prima volta un corso di Combat Fitness che mostra in concreto le modalit\u00e0 di gestione della classe durante l&#8217;anno.<\/p>\n<p>Un Workshop che ti dar\u00e0 le chiavi per programmare le tue lezioni in modo coerente e consapevole, facendo crescere la tua classe step by step e dandole tutti i mezzi (e i tempi) per imparare davvero in modo corretto il gesto e la tecnica. Il bravo maestro si misura dalla qualit\u00e0 dei propri allievi, perch\u00e8 il vero effetto &#8220;wow&#8221; \u00e8 la didattica che non pu\u00f2 prescindere da una programmazione strutturata.<\/p>\n<p><strong>Smettiamola<\/strong>\u00a0di considerare il Combat Fitness nelle lezioni musicali di gruppo esclusivamente come valvola di scarico di tensioni e stress e come un momento di divertimento. E&#8217; allenamento, \u00e8 coaching, \u00e8 pianificazione.\u00a0<strong>Smettiamola<\/strong>\u00a0di fare le tecniche di calci gi\u00e0 alla prima lezione. Di non programmare lezione per lezione, settimana per settimana, mese per mese un training che non sia un corso a s\u00e8 stante ma un PERCORSO, che segni apprendimento e consapevolezza e quindi crescita.<\/p>\n<div class=\"\" dir=\"auto\">\n<div id=\"jsc_c_q7\" class=\"dati1w0a ihqw7lf3 hv4rvrfc ecm0bbzt\">\n<div class=\"bi6gxh9e\"><span class=\"oi732d6d ik7dh3pa d2edcug0 hpfvmrgz qv66sw1b c1et5uql jq4qci2q a3bd9o3v knj5qynh oo9gr5id\"><b>STAI ATTENTO, E&#8217; UNA RIFLESSIONE<\/b><\/span><\/div>\n<div class=\"bi6gxh9e\"><span class=\"oi732d6d ik7dh3pa d2edcug0 hpfvmrgz qv66sw1b c1et5uql jq4qci2q a3bd9o3v knj5qynh oo9gr5id\">Prime lezioni a settembre: calci, spin side kick, backfist, lavoro asimmetrico. Ma sei proprio sicuro che sia la scelta giusta? Parti a settembre come se fosse aprile, senza ripartire, senza soluzione di continuit\u00e0. Che fine hanno fatto programmazione, obiettivi specifici, insegnamento della tecnica?<\/span><\/div>\n<div class=\"bi6gxh9e\"><span class=\"oi732d6d ik7dh3pa d2edcug0 hpfvmrgz qv66sw1b c1et5uql jq4qci2q a3bd9o3v knj5qynh oo9gr5id\">E poi cosa ti inventerai a ottobre? E a Maggio? E quale differenza darai rispetto a SpecialClasses o Team Teach?<\/span><\/div>\n<div class=\"bi6gxh9e\"><span class=\"oi732d6d ik7dh3pa d2edcug0 hpfvmrgz qv66sw1b c1et5uql jq4qci2q a3bd9o3v knj5qynh oo9gr5id\">Dove stanno microcicli, mesocicli e macrocicli, e dove una progressione tecnica, di condizione fisica e quindi anche emotiva. Si rischia di essere piatti, e magari nemmeno ce ne rendiamo conto.<\/span><\/div>\n<div class=\"bi6gxh9e\"><\/div>\n<div class=\"bi6gxh9e\"><span class=\"oi732d6d ik7dh3pa d2edcug0 hpfvmrgz qv66sw1b c1et5uql jq4qci2q a3bd9o3v knj5qynh oo9gr5id\">Chi mi conosce sa che cerco da sempre di rovesciare il tavolo, di guardare da altri punti di vista, di non assecondare le convinzioni populiste solo per abitudine o status quo. Amo lo Spirito Critico, il confronto, la discussione fertile.<\/span><\/div>\n<div class=\"bi6gxh9e\"><\/div>\n<div class=\"bi6gxh9e\"><span class=\"oi732d6d ik7dh3pa d2edcug0 hpfvmrgz qv66sw1b c1et5uql jq4qci2q a3bd9o3v knj5qynh oo9gr5id\">Adesso \u00e8 disponibile ON DEMAND questo workshop che ha avuto enorme successo<b>. E stai attento, NON \u00e9 SOLO PER I NUOVI ISTRUTTORI, anzi&#8230;<\/b><\/span><\/div>\n<\/div>\n<\/div>\n<p>CONTENUTI<\/p>\n<ul>\n<li>La presentazione: Cosa dire<\/li>\n<li>Focus delle prime lezioni: Quali obiettivi<\/li>\n<li>I nuovi allievi: Gestione e Posizionamento<\/li>\n<li>Tecniche: Cosa fare e Come farlo<\/li>\n<li>Come isolare le Tecniche<\/li>\n<li>Macro Add-On Programmatico<\/li>\n<li>La lezione: Struttura e Tempistiche<\/li>\n<li>Come Correggere<\/li>\n<li>Post- lezione: e adesso?<\/li>\n<\/ul>\n<p>Il corso \u00e8 stato registrato live su zoom, quindi troverai anche tutta la parte dialogica con di interazione con la classe, immergendoti proprio nell&#8217;atmosfera di una formazione di gruppo.<\/p>\n<p>Dopo l&#8217;acquisto ti verr\u00e0 inviato il link per vedere il corso liberamente quante volte vorrai per 30 giorni.<\/p>\n","protected":false},"excerpt":{"rendered":"<p>La guida indispensabile per programmare, organizzare e gestire nel modo pi\u00f9 efficace il tuo corso di FitBoxe.<br \/>\nDocente: Vincenzo Mazzarella, Master Trainer GroupBoxing<\/p>\n","protected":false},"featured_media":11532,"comment_status":"open","ping_status":"closed","template":"","meta":{"_acf_changed":false},"product_cat":[151,166],"product_tag":[103,127,125,139],"acf":[],"yoast_head":"<!-- This site is optimized with the Yoast SEO plugin v22.1 - https:\/\/yoast.com\/wordpress\/plugins\/seo\/ -->\n<title>IBFF\u00ae<\/title>\n<meta name=\"robots\" content=\"index, follow, max-snippet:-1, max-image-preview:large, max-video-preview:-1\" \/>\n<link rel=\"canonical\" href=\"https:\/\/ibff.it\/prodotto\/planning-strategy-workshop\/\" \/>\n<meta property=\"og:locale\" content=\"en_US\" \/>\n<meta property=\"og:type\" content=\"article\" \/>\n<meta property=\"og:description\" content=\"La guida indispensabile per programmare, organizzare e gestire nel modo pi\u00f9 efficace il tuo corso di FitBoxe. Docente: Vincenzo Mazzarella, Master Trainer GroupBoxing\" \/>\n<meta property=\"og:url\" content=\"https:\/\/ibff.it\/prodotto\/planning-strategy-workshop\/\" \/>\n<meta property=\"og:site_name\" content=\"IBFF\u00ae\" \/>\n<meta property=\"article:publisher\" content=\"https:\/\/www.facebook.com\/IBFFofficialpage\" \/>\n<meta property=\"article:modified_time\" content=\"2025-12-29T17:30:21+00:00\" \/>\n<meta property=\"og:image\" content=\"https:\/\/ibff.it\/wp-content\/uploads\/2022\/04\/Planning-Strategy-25.jpg\" \/>\n\t<meta property=\"og:image:width\" content=\"1200\" \/>\n\t<meta property=\"og:image:height\" content=\"1200\" \/>\n\t<meta property=\"og:image:type\" content=\"image\/jpeg\" \/>\n<meta name=\"twitter:card\" content=\"summary_large_image\" \/>\n<meta name=\"twitter:site\" content=\"@IBFF_Boxing\" \/>\n<meta name=\"twitter:label1\" content=\"Est. reading time\" \/>\n\t<meta name=\"twitter:data1\" content=\"3 minutes\" \/>\n<script type=\"application\/ld+json\" class=\"yoast-schema-graph\">{\"@context\":\"https:\/\/schema.org\",\"@graph\":[{\"@type\":\"WebPage\",\"@id\":\"https:\/\/ibff.it\/prodotto\/planning-strategy-workshop\/\",\"url\":\"https:\/\/ibff.it\/prodotto\/planning-strategy-workshop\/\",\"name\":\"Planning Strategy - La Bibbia della FitBoxe - IBFF\u00ae\",\"isPartOf\":{\"@id\":\"https:\/\/ibff.it\/#website\"},\"datePublished\":\"2022-04-05T12:09:46+00:00\",\"dateModified\":\"2025-12-29T17:30:21+00:00\",\"breadcrumb\":{\"@id\":\"https:\/\/ibff.it\/prodotto\/planning-strategy-workshop\/#breadcrumb\"},\"inLanguage\":\"en-US\",\"potentialAction\":[{\"@type\":\"ReadAction\",\"target\":[\"https:\/\/ibff.it\/prodotto\/planning-strategy-workshop\/\"]}]},{\"@type\":\"BreadcrumbList\",\"@id\":\"https:\/\/ibff.it\/prodotto\/planning-strategy-workshop\/#breadcrumb\",\"itemListElement\":[{\"@type\":\"ListItem\",\"position\":1,\"name\":\"Home\",\"item\":\"https:\/\/ibff.it\/en\/home\/\"},{\"@type\":\"ListItem\",\"position\":2,\"name\":\"Shop\",\"item\":\"https:\/\/ibff.it\/shop\/\"},{\"@type\":\"ListItem\",\"position\":3,\"name\":\"Video\",\"item\":\"https:\/\/ibff.it\/en\/product-category\/video-en\/\"},{\"@type\":\"ListItem\",\"position\":4,\"name\":\"Workshop\",\"item\":\"https:\/\/ibff.it\/categoria-prodotto\/video\/workshop\/\"},{\"@type\":\"ListItem\",\"position\":5,\"name\":\"Planning Strategy &#8211; La Bibbia della FitBoxe\"}]},{\"@type\":\"WebSite\",\"@id\":\"https:\/\/ibff.it\/#website\",\"url\":\"https:\/\/ibff.it\/\",\"name\":\"IBFF\u00ae\",\"description\":\"Italian Boxing &amp; Fitness Federation\",\"publisher\":{\"@id\":\"https:\/\/ibff.it\/#organization\"},\"potentialAction\":[{\"@type\":\"SearchAction\",\"target\":{\"@type\":\"EntryPoint\",\"urlTemplate\":\"https:\/\/ibff.it\/?s={search_term_string}\"},\"query-input\":\"required name=search_term_string\"}],\"inLanguage\":\"en-US\"},{\"@type\":\"Organization\",\"@id\":\"https:\/\/ibff.it\/#organization\",\"name\":\"IBFF - Italian Boxing & Fitness Federation\",\"url\":\"https:\/\/ibff.it\/\",\"logo\":{\"@type\":\"ImageObject\",\"inLanguage\":\"en-US\",\"@id\":\"https:\/\/ibff.it\/#\/schema\/logo\/image\/\",\"url\":\"https:\/\/ibff.it\/wp-content\/uploads\/2017\/09\/logo-ibff-2X.png\",\"contentUrl\":\"https:\/\/ibff.it\/wp-content\/uploads\/2017\/09\/logo-ibff-2X.png\",\"width\":300,\"height\":300,\"caption\":\"IBFF - Italian Boxing & Fitness Federation\"},\"image\":{\"@id\":\"https:\/\/ibff.it\/#\/schema\/logo\/image\/\"},\"sameAs\":[\"https:\/\/www.facebook.com\/IBFFofficialpage\",\"https:\/\/twitter.com\/IBFF_Boxing\",\"https:\/\/www.youtube.com\/channel\/UC_48oiiLiCyFyEZDUqYQEYQ\"]}]}<\/script>\n<!-- \/ Yoast SEO plugin. -->","yoast_head_json":{"title":"IBFF\u00ae","robots":{"index":"index","follow":"follow","max-snippet":"max-snippet:-1","max-image-preview":"max-image-preview:large","max-video-preview":"max-video-preview:-1"},"canonical":"https:\/\/ibff.it\/prodotto\/planning-strategy-workshop\/","og_locale":"en_US","og_type":"article","og_description":"La guida indispensabile per programmare, organizzare e gestire nel modo pi\u00f9 efficace il tuo corso di FitBoxe. Docente: Vincenzo Mazzarella, Master Trainer GroupBoxing","og_url":"https:\/\/ibff.it\/prodotto\/planning-strategy-workshop\/","og_site_name":"IBFF\u00ae","article_publisher":"https:\/\/www.facebook.com\/IBFFofficialpage","article_modified_time":"2025-12-29T17:30:21+00:00","og_image":[{"width":1200,"height":1200,"url":"https:\/\/ibff.it\/wp-content\/uploads\/2022\/04\/Planning-Strategy-25.jpg","type":"image\/jpeg"}],"twitter_card":"summary_large_image","twitter_site":"@IBFF_Boxing","twitter_misc":{"Est. reading time":"3 minutes"},"schema":{"@context":"https:\/\/schema.org","@graph":[{"@type":"WebPage","@id":"https:\/\/ibff.it\/prodotto\/planning-strategy-workshop\/","url":"https:\/\/ibff.it\/prodotto\/planning-strategy-workshop\/","name":"Planning Strategy - La Bibbia della FitBoxe - IBFF\u00ae","isPartOf":{"@id":"https:\/\/ibff.it\/#website"},"datePublished":"2022-04-05T12:09:46+00:00","dateModified":"2025-12-29T17:30:21+00:00","breadcrumb":{"@id":"https:\/\/ibff.it\/prodotto\/planning-strategy-workshop\/#breadcrumb"},"inLanguage":"en-US","potentialAction":[{"@type":"ReadAction","target":["https:\/\/ibff.it\/prodotto\/planning-strategy-workshop\/"]}]},{"@type":"BreadcrumbList","@id":"https:\/\/ibff.it\/prodotto\/planning-strategy-workshop\/#breadcrumb","itemListElement":[{"@type":"ListItem","position":1,"name":"Home","item":"https:\/\/ibff.it\/en\/home\/"},{"@type":"ListItem","position":2,"name":"Shop","item":"https:\/\/ibff.it\/shop\/"},{"@type":"ListItem","position":3,"name":"Video","item":"https:\/\/ibff.it\/en\/product-category\/video-en\/"},{"@type":"ListItem","position":4,"name":"Workshop","item":"https:\/\/ibff.it\/categoria-prodotto\/video\/workshop\/"},{"@type":"ListItem","position":5,"name":"Planning Strategy &#8211; La Bibbia della FitBoxe"}]},{"@type":"WebSite","@id":"https:\/\/ibff.it\/#website","url":"https:\/\/ibff.it\/","name":"IBFF\u00ae","description":"Italian Boxing &amp; Fitness Federation","publisher":{"@id":"https:\/\/ibff.it\/#organization"},"potentialAction":[{"@type":"SearchAction","target":{"@type":"EntryPoint","urlTemplate":"https:\/\/ibff.it\/?s={search_term_string}"},"query-input":"required name=search_term_string"}],"inLanguage":"en-US"},{"@type":"Organization","@id":"https:\/\/ibff.it\/#organization","name":"IBFF - Italian Boxing & Fitness Federation","url":"https:\/\/ibff.it\/","logo":{"@type":"ImageObject","inLanguage":"en-US","@id":"https:\/\/ibff.it\/#\/schema\/logo\/image\/","url":"https:\/\/ibff.it\/wp-content\/uploads\/2017\/09\/logo-ibff-2X.png","contentUrl":"https:\/\/ibff.it\/wp-content\/uploads\/2017\/09\/logo-ibff-2X.png","width":300,"height":300,"caption":"IBFF - Italian Boxing & Fitness Federation"},"image":{"@id":"https:\/\/ibff.it\/#\/schema\/logo\/image\/"},"sameAs":["https:\/\/www.facebook.com\/IBFFofficialpage","https:\/\/twitter.com\/IBFF_Boxing","https:\/\/www.youtube.com\/channel\/UC_48oiiLiCyFyEZDUqYQEYQ"]}]}},"_links":{"self":[{"href":"https:\/\/ibff.it\/en\/wp-json\/wp\/v2\/product\/7264"}],"collection":[{"href":"https:\/\/ibff.it\/en\/wp-json\/wp\/v2\/product"}],"about":[{"href":"https:\/\/ibff.it\/en\/wp-json\/wp\/v2\/types\/product"}],"replies":[{"embeddable":true,"href":"https:\/\/ibff.it\/en\/wp-json\/wp\/v2\/comments?post=7264"}],"wp:featuredmedia":[{"embeddable":true,"href":"https:\/\/ibff.it\/en\/wp-json\/wp\/v2\/media\/11532"}],"wp:attachment":[{"href":"https:\/\/ibff.it\/en\/wp-json\/wp\/v2\/media?parent=7264"}],"wp:term":[{"taxonomy":"product_cat","embeddable":true,"href":"https:\/\/ibff.it\/en\/wp-json\/wp\/v2\/product_cat?post=7264"},{"taxonomy":"product_tag","embeddable":true,"href":"https:\/\/ibff.it\/en\/wp-json\/wp\/v2\/product_tag?post=7264"}],"curies":[{"name":"wp","href":"https:\/\/api.w.org\/{rel}","templated":true}]}}