{"id":7757,"date":"2023-02-22T16:08:05","date_gmt":"2023-02-22T15:08:05","guid":{"rendered":"https:\/\/www.ibff.it\/?post_type=product&#038;p=7757"},"modified":"2026-03-30T12:22:56","modified_gmt":"2026-03-30T10:22:56","slug":"sacco-fitboxe-pro","status":"publish","type":"product","link":"https:\/\/ibff.it\/en\/prodotto\/sacco-fitboxe-pro\/","title":{"rendered":"GroupBoxing\u00ae Functional Bag"},"content":{"rendered":"<p><strong>Il sacco GroupBoxing\u00ae<\/strong> \u00e8 l&#8217;attrezzo perfetto per praticare la<strong> FitBoxe<\/strong>.<\/p>\n<p>I nostri sacchi sono rigenerati con attenzione e precisione. Sono sacchi usati scelti e selezionati con cura che rigeneriamo e sui quali applichiamo la nostra Cover Bag professionale.<\/p>\n<p>Un sacco che unisce l&#8217;affidabilit\u00e0 strutturale di anni di esperienza <strong>all&#8217;innovazione unica nel design<\/strong>. Un sacco innovativo, performante, di qualit\u00e0 100% Made in Italy.<br \/>\nCollaudato e utilizzato da decenni nelle migliori palestre in Italia e nel mondo, il sacco GroupBoxing\u00ae rappresenta l\u2019eccellenza per qualit\u00e0, funzionalit\u00e0 ed innovazione.<\/p>\n<p>Il design, gi\u00e0 di per s\u00e8 accattivante, \u00e8 stato studiato appositamente per focalizzare il gesto tecnico e rendere ancor pi\u00f9 varie ed efficaci le lezioni di FitBoxe. Suddivide il sacco in zone target e guida nell&#8217;esecuzione delle tecniche. Da bersaglio passivo diventa target attivo.<\/p>\n<p>Estetica e funzionalit\u00e0 in un unico attrezzo.<\/p>\n<p><strong>Tempistiche:<\/strong> 4 gg dall&#8217;ordine<\/p>\n<p><strong>Spedizione<\/strong>: da calcolare in base al destino<\/p>\n<ul>\n<li><strong>Design brevettato e funzionale, stampa su tutto il sacco, <\/strong>linee con colori fluo, patch a ricamo.<\/li>\n<li><strong>Misure cappuccio<\/strong>: altezza 100 cm x diametro 35 cm<\/li>\n<li><strong>Regolazione in altezza<\/strong>: su 4 livelli: 163, 175, 190 e 204 cm<\/li>\n<li><strong>Diametro Base<\/strong>: 55 cm<\/li>\n<li><strong>Materiale cappuccio<\/strong>: similpelle<\/li>\n<li><strong>Materiale base<\/strong>: plastica rigida<\/li>\n<li><strong>Base<\/strong>: base brevettata per garantire maggiore stabilit\u00e0<\/li>\n<li><strong>Marchio<\/strong>: IBFF<\/li>\n<li><strong>Note<\/strong>: la base viene consegnata vuota, il cliente pu\u00f2 scegliere come e quanto riempirla<\/li>\n<\/ul>\n","protected":false},"excerpt":{"rendered":"<p> <span class=\"more\">[&#8230;]<\/span><\/p>\n","protected":false},"featured_media":11637,"comment_status":"open","ping_status":"closed","template":"","meta":{"_acf_changed":false},"product_cat":[133],"product_tag":[103,145],"acf":[],"yoast_head":"<!-- This site is optimized with the Yoast SEO plugin v22.1 - https:\/\/yoast.com\/wordpress\/plugins\/seo\/ -->\n<title>IBFF\u00ae<\/title>\n<meta name=\"robots\" content=\"index, follow, max-snippet:-1, max-image-preview:large, max-video-preview:-1\" \/>\n<link rel=\"canonical\" href=\"https:\/\/ibff.it\/prodotto\/sacco-fitboxe-pro\/\" \/>\n<meta property=\"og:locale\" content=\"en_US\" \/>\n<meta property=\"og:type\" content=\"article\" \/>\n<meta property=\"og:description\" content=\"[...]\" \/>\n<meta property=\"og:url\" content=\"https:\/\/ibff.it\/prodotto\/sacco-fitboxe-pro\/\" \/>\n<meta property=\"og:site_name\" content=\"IBFF\u00ae\" \/>\n<meta property=\"article:publisher\" content=\"https:\/\/www.facebook.com\/IBFFofficialpage\" \/>\n<meta property=\"article:modified_time\" content=\"2026-03-30T10:22:56+00:00\" \/>\n<meta property=\"og:image\" content=\"https:\/\/ibff.it\/wp-content\/uploads\/2023\/02\/ecommerce-2026-1.jpg\" \/>\n\t<meta property=\"og:image:width\" content=\"912\" \/>\n\t<meta property=\"og:image:height\" content=\"1179\" \/>\n\t<meta property=\"og:image:type\" content=\"image\/jpeg\" \/>\n<meta name=\"twitter:card\" content=\"summary_large_image\" \/>\n<meta name=\"twitter:site\" content=\"@IBFF_Boxing\" \/>\n<meta name=\"twitter:label1\" content=\"Est. reading time\" \/>\n\t<meta name=\"twitter:data1\" content=\"2 minutes\" \/>\n<script type=\"application\/ld+json\" class=\"yoast-schema-graph\">{\"@context\":\"https:\/\/schema.org\",\"@graph\":[{\"@type\":\"WebPage\",\"@id\":\"https:\/\/ibff.it\/prodotto\/sacco-fitboxe-pro\/\",\"url\":\"https:\/\/ibff.it\/prodotto\/sacco-fitboxe-pro\/\",\"name\":\"GroupBoxing\u00ae Functional Bag - IBFF\u00ae\",\"isPartOf\":{\"@id\":\"https:\/\/ibff.it\/#website\"},\"datePublished\":\"2023-02-22T15:08:05+00:00\",\"dateModified\":\"2026-03-30T10:22:56+00:00\",\"breadcrumb\":{\"@id\":\"https:\/\/ibff.it\/prodotto\/sacco-fitboxe-pro\/#breadcrumb\"},\"inLanguage\":\"en-US\",\"potentialAction\":[{\"@type\":\"ReadAction\",\"target\":[\"https:\/\/ibff.it\/prodotto\/sacco-fitboxe-pro\/\"]}]},{\"@type\":\"BreadcrumbList\",\"@id\":\"https:\/\/ibff.it\/prodotto\/sacco-fitboxe-pro\/#breadcrumb\",\"itemListElement\":[{\"@type\":\"ListItem\",\"position\":1,\"name\":\"Home\",\"item\":\"https:\/\/ibff.it\/en\/home\/\"},{\"@type\":\"ListItem\",\"position\":2,\"name\":\"Shop\",\"item\":\"https:\/\/ibff.it\/shop\/\"},{\"@type\":\"ListItem\",\"position\":3,\"name\":\"Attrezzature\",\"item\":\"https:\/\/ibff.it\/categoria-prodotto\/attrezzature\/\"},{\"@type\":\"ListItem\",\"position\":4,\"name\":\"GroupBoxing\u00ae Functional Bag\"}]},{\"@type\":\"WebSite\",\"@id\":\"https:\/\/ibff.it\/#website\",\"url\":\"https:\/\/ibff.it\/\",\"name\":\"IBFF\u00ae\",\"description\":\"Italian Boxing &amp; Fitness Federation\",\"publisher\":{\"@id\":\"https:\/\/ibff.it\/#organization\"},\"potentialAction\":[{\"@type\":\"SearchAction\",\"target\":{\"@type\":\"EntryPoint\",\"urlTemplate\":\"https:\/\/ibff.it\/?s={search_term_string}\"},\"query-input\":\"required name=search_term_string\"}],\"inLanguage\":\"en-US\"},{\"@type\":\"Organization\",\"@id\":\"https:\/\/ibff.it\/#organization\",\"name\":\"IBFF - Italian Boxing & Fitness Federation\",\"url\":\"https:\/\/ibff.it\/\",\"logo\":{\"@type\":\"ImageObject\",\"inLanguage\":\"en-US\",\"@id\":\"https:\/\/ibff.it\/#\/schema\/logo\/image\/\",\"url\":\"https:\/\/ibff.it\/wp-content\/uploads\/2017\/09\/logo-ibff-2X.png\",\"contentUrl\":\"https:\/\/ibff.it\/wp-content\/uploads\/2017\/09\/logo-ibff-2X.png\",\"width\":300,\"height\":300,\"caption\":\"IBFF - Italian Boxing & Fitness Federation\"},\"image\":{\"@id\":\"https:\/\/ibff.it\/#\/schema\/logo\/image\/\"},\"sameAs\":[\"https:\/\/www.facebook.com\/IBFFofficialpage\",\"https:\/\/twitter.com\/IBFF_Boxing\",\"https:\/\/www.youtube.com\/channel\/UC_48oiiLiCyFyEZDUqYQEYQ\"]}]}<\/script>\n<!-- \/ Yoast SEO plugin. -->","yoast_head_json":{"title":"IBFF\u00ae","robots":{"index":"index","follow":"follow","max-snippet":"max-snippet:-1","max-image-preview":"max-image-preview:large","max-video-preview":"max-video-preview:-1"},"canonical":"https:\/\/ibff.it\/prodotto\/sacco-fitboxe-pro\/","og_locale":"en_US","og_type":"article","og_description":"[...]","og_url":"https:\/\/ibff.it\/prodotto\/sacco-fitboxe-pro\/","og_site_name":"IBFF\u00ae","article_publisher":"https:\/\/www.facebook.com\/IBFFofficialpage","article_modified_time":"2026-03-30T10:22:56+00:00","og_image":[{"width":912,"height":1179,"url":"https:\/\/ibff.it\/wp-content\/uploads\/2023\/02\/ecommerce-2026-1.jpg","type":"image\/jpeg"}],"twitter_card":"summary_large_image","twitter_site":"@IBFF_Boxing","twitter_misc":{"Est. reading time":"2 minutes"},"schema":{"@context":"https:\/\/schema.org","@graph":[{"@type":"WebPage","@id":"https:\/\/ibff.it\/prodotto\/sacco-fitboxe-pro\/","url":"https:\/\/ibff.it\/prodotto\/sacco-fitboxe-pro\/","name":"GroupBoxing\u00ae Functional Bag - IBFF\u00ae","isPartOf":{"@id":"https:\/\/ibff.it\/#website"},"datePublished":"2023-02-22T15:08:05+00:00","dateModified":"2026-03-30T10:22:56+00:00","breadcrumb":{"@id":"https:\/\/ibff.it\/prodotto\/sacco-fitboxe-pro\/#breadcrumb"},"inLanguage":"en-US","potentialAction":[{"@type":"ReadAction","target":["https:\/\/ibff.it\/prodotto\/sacco-fitboxe-pro\/"]}]},{"@type":"BreadcrumbList","@id":"https:\/\/ibff.it\/prodotto\/sacco-fitboxe-pro\/#breadcrumb","itemListElement":[{"@type":"ListItem","position":1,"name":"Home","item":"https:\/\/ibff.it\/en\/home\/"},{"@type":"ListItem","position":2,"name":"Shop","item":"https:\/\/ibff.it\/shop\/"},{"@type":"ListItem","position":3,"name":"Attrezzature","item":"https:\/\/ibff.it\/categoria-prodotto\/attrezzature\/"},{"@type":"ListItem","position":4,"name":"GroupBoxing\u00ae Functional Bag"}]},{"@type":"WebSite","@id":"https:\/\/ibff.it\/#website","url":"https:\/\/ibff.it\/","name":"IBFF\u00ae","description":"Italian Boxing &amp; Fitness Federation","publisher":{"@id":"https:\/\/ibff.it\/#organization"},"potentialAction":[{"@type":"SearchAction","target":{"@type":"EntryPoint","urlTemplate":"https:\/\/ibff.it\/?s={search_term_string}"},"query-input":"required name=search_term_string"}],"inLanguage":"en-US"},{"@type":"Organization","@id":"https:\/\/ibff.it\/#organization","name":"IBFF - Italian Boxing & Fitness Federation","url":"https:\/\/ibff.it\/","logo":{"@type":"ImageObject","inLanguage":"en-US","@id":"https:\/\/ibff.it\/#\/schema\/logo\/image\/","url":"https:\/\/ibff.it\/wp-content\/uploads\/2017\/09\/logo-ibff-2X.png","contentUrl":"https:\/\/ibff.it\/wp-content\/uploads\/2017\/09\/logo-ibff-2X.png","width":300,"height":300,"caption":"IBFF - Italian Boxing & Fitness Federation"},"image":{"@id":"https:\/\/ibff.it\/#\/schema\/logo\/image\/"},"sameAs":["https:\/\/www.facebook.com\/IBFFofficialpage","https:\/\/twitter.com\/IBFF_Boxing","https:\/\/www.youtube.com\/channel\/UC_48oiiLiCyFyEZDUqYQEYQ"]}]}},"_links":{"self":[{"href":"https:\/\/ibff.it\/en\/wp-json\/wp\/v2\/product\/7757"}],"collection":[{"href":"https:\/\/ibff.it\/en\/wp-json\/wp\/v2\/product"}],"about":[{"href":"https:\/\/ibff.it\/en\/wp-json\/wp\/v2\/types\/product"}],"replies":[{"embeddable":true,"href":"https:\/\/ibff.it\/en\/wp-json\/wp\/v2\/comments?post=7757"}],"wp:featuredmedia":[{"embeddable":true,"href":"https:\/\/ibff.it\/en\/wp-json\/wp\/v2\/media\/11637"}],"wp:attachment":[{"href":"https:\/\/ibff.it\/en\/wp-json\/wp\/v2\/media?parent=7757"}],"wp:term":[{"taxonomy":"product_cat","embeddable":true,"href":"https:\/\/ibff.it\/en\/wp-json\/wp\/v2\/product_cat?post=7757"},{"taxonomy":"product_tag","embeddable":true,"href":"https:\/\/ibff.it\/en\/wp-json\/wp\/v2\/product_tag?post=7757"}],"curies":[{"name":"wp","href":"https:\/\/api.w.org\/{rel}","templated":true}]}}