{"id":8706,"date":"2024-07-06T12:45:25","date_gmt":"2024-07-06T10:45:25","guid":{"rendered":"https:\/\/ibff.it\/?post_type=product&#038;p=8706"},"modified":"2024-07-06T12:55:32","modified_gmt":"2024-07-06T10:55:32","slug":"groupboxing-for-kids","status":"publish","type":"product","link":"https:\/\/ibff.it\/en\/prodotto\/groupboxing-for-kids\/","title":{"rendered":"GroupBoxing\u00ae for Kids"},"content":{"rendered":"<p><strong>Obiettivi<\/strong><\/p>\n<p>L&#8217;obiettivo del corso GroupBoxing for Kids \u00e8 quello di aiutare gli istruttori esistenti a conoscere la forma fisica dei bambini e come adattare ci\u00f2 che \u00e8 stato insegnato nel corso di GroupBoxing Sparring per renderlo sicuro e divertente per i bambini.<\/p>\n<p>Il corso spiega i numerosi adattamenti necessari per insegnare una classe di GroupBoxing ai bambini o per integrare i bambini nella tua classe. Durante il corso gli istruttori acquisiscono informazioni sulle considerazioni relative alla sicurezza dei bambini, all&#8217;anatomia e alla fisiologia dei bambini, sugli adattamenti delle classi per le diverse fasi chiave e soprattutto, come renderlo DIVERTENTE con i giochi e i momenti di ludomotricit\u00e0. Anche la maggior parte degli adulti apprezza l&#8217;elemento divertente dei giochi, consentendo a entrambi di lavorare insieme nella stessa classe con un istruttore di GroupBoxing adeguatamente addestrato.<\/p>\n<p><strong>Versione On demand<\/strong><\/p>\n<p>Impari attraverso 4 moduli di video tutorial nel tuo tempo libero con una valutazione teorica alla fine. Biblioteca di giochi e attivit\u00e0 a cui poter accedere.<\/p>\n<p><strong>Prerequisti<\/strong><\/p>\n<ul>\n<li>Avere la certificazione GroupBoxing Sparring<\/li>\n<li>Avere la Membership IBFF attiva<\/li>\n<\/ul>\n<p><strong>Struttura del Corso<\/strong><\/p>\n<ul>\n<li>Modulo 1 &#8211; Considerazioni sulla protezione dei minori, la salute e la sicurezza. Spiegazione delle fasi chiave e degli adattamenti necessari<\/li>\n<li>Modulo 2 &#8211; Warm Up e Cool Down, contenuti ed esempi di lavoro<\/li>\n<li>Modulo 3 &#8211; Anatomia e fisiologia del bambino, scatti di crescita e lesioni<\/li>\n<li>Modulo 4 &#8211; Struttura e progettazione delle classi. Pianificazione e applicazione efficaci delle classi di GroupBoxing specifiche per le fasi chiave.<\/li>\n<li>Esame &#8211; Valutazione teorica a tempo<\/li>\n<li>Durante il corso vengono forniti giochi specifici per bambini e idee di riscaldamento\/defaticamento. La risorsa del corso online fornisce anche un&#8217;ampia libreria video di ulteriori idee.<\/li>\n<\/ul>\n","protected":false},"excerpt":{"rendered":"<p> <span class=\"more\">[&#8230;]<\/span><\/p>\n","protected":false},"featured_media":8707,"comment_status":"open","ping_status":"closed","template":"","meta":{"_acf_changed":false},"product_cat":[151,166],"product_tag":[125,179],"acf":[],"yoast_head":"<!-- This site is optimized with the Yoast SEO plugin v22.1 - https:\/\/yoast.com\/wordpress\/plugins\/seo\/ -->\n<title>IBFF\u00ae<\/title>\n<meta name=\"robots\" content=\"index, follow, max-snippet:-1, max-image-preview:large, max-video-preview:-1\" \/>\n<link rel=\"canonical\" href=\"https:\/\/ibff.it\/prodotto\/groupboxing-for-kids\/\" \/>\n<meta property=\"og:locale\" content=\"en_US\" \/>\n<meta property=\"og:type\" content=\"article\" \/>\n<meta property=\"og:description\" content=\"[...]\" \/>\n<meta property=\"og:url\" content=\"https:\/\/ibff.it\/prodotto\/groupboxing-for-kids\/\" \/>\n<meta property=\"og:site_name\" content=\"IBFF\u00ae\" \/>\n<meta property=\"article:publisher\" content=\"https:\/\/www.facebook.com\/IBFFofficialpage\" \/>\n<meta property=\"article:modified_time\" content=\"2024-07-06T10:55:32+00:00\" \/>\n<meta property=\"og:image\" content=\"https:\/\/ibff.it\/wp-content\/uploads\/2024\/07\/GB-kids-24.jpg\" \/>\n\t<meta property=\"og:image:width\" content=\"1200\" \/>\n\t<meta property=\"og:image:height\" content=\"1200\" \/>\n\t<meta property=\"og:image:type\" content=\"image\/jpeg\" \/>\n<meta name=\"twitter:card\" content=\"summary_large_image\" \/>\n<meta name=\"twitter:site\" content=\"@IBFF_Boxing\" \/>\n<meta name=\"twitter:label1\" content=\"Est. reading time\" \/>\n\t<meta name=\"twitter:data1\" content=\"2 minutes\" \/>\n<script type=\"application\/ld+json\" class=\"yoast-schema-graph\">{\"@context\":\"https:\/\/schema.org\",\"@graph\":[{\"@type\":\"WebPage\",\"@id\":\"https:\/\/ibff.it\/prodotto\/groupboxing-for-kids\/\",\"url\":\"https:\/\/ibff.it\/prodotto\/groupboxing-for-kids\/\",\"name\":\"GroupBoxing\u00ae for Kids - IBFF\u00ae\",\"isPartOf\":{\"@id\":\"https:\/\/ibff.it\/#website\"},\"datePublished\":\"2024-07-06T10:45:25+00:00\",\"dateModified\":\"2024-07-06T10:55:32+00:00\",\"breadcrumb\":{\"@id\":\"https:\/\/ibff.it\/prodotto\/groupboxing-for-kids\/#breadcrumb\"},\"inLanguage\":\"en-US\",\"potentialAction\":[{\"@type\":\"ReadAction\",\"target\":[\"https:\/\/ibff.it\/prodotto\/groupboxing-for-kids\/\"]}]},{\"@type\":\"BreadcrumbList\",\"@id\":\"https:\/\/ibff.it\/prodotto\/groupboxing-for-kids\/#breadcrumb\",\"itemListElement\":[{\"@type\":\"ListItem\",\"position\":1,\"name\":\"Home\",\"item\":\"https:\/\/ibff.it\/en\/home\/\"},{\"@type\":\"ListItem\",\"position\":2,\"name\":\"Shop\",\"item\":\"https:\/\/ibff.it\/shop\/\"},{\"@type\":\"ListItem\",\"position\":3,\"name\":\"Video\",\"item\":\"https:\/\/ibff.it\/en\/product-category\/video-en\/\"},{\"@type\":\"ListItem\",\"position\":4,\"name\":\"GroupBoxing\u00ae for Kids\"}]},{\"@type\":\"WebSite\",\"@id\":\"https:\/\/ibff.it\/#website\",\"url\":\"https:\/\/ibff.it\/\",\"name\":\"IBFF\u00ae\",\"description\":\"Italian Boxing &amp; Fitness Federation\",\"publisher\":{\"@id\":\"https:\/\/ibff.it\/#organization\"},\"potentialAction\":[{\"@type\":\"SearchAction\",\"target\":{\"@type\":\"EntryPoint\",\"urlTemplate\":\"https:\/\/ibff.it\/?s={search_term_string}\"},\"query-input\":\"required name=search_term_string\"}],\"inLanguage\":\"en-US\"},{\"@type\":\"Organization\",\"@id\":\"https:\/\/ibff.it\/#organization\",\"name\":\"IBFF - Italian Boxing & Fitness Federation\",\"url\":\"https:\/\/ibff.it\/\",\"logo\":{\"@type\":\"ImageObject\",\"inLanguage\":\"en-US\",\"@id\":\"https:\/\/ibff.it\/#\/schema\/logo\/image\/\",\"url\":\"https:\/\/ibff.it\/wp-content\/uploads\/2017\/09\/logo-ibff-2X.png\",\"contentUrl\":\"https:\/\/ibff.it\/wp-content\/uploads\/2017\/09\/logo-ibff-2X.png\",\"width\":300,\"height\":300,\"caption\":\"IBFF - Italian Boxing & Fitness Federation\"},\"image\":{\"@id\":\"https:\/\/ibff.it\/#\/schema\/logo\/image\/\"},\"sameAs\":[\"https:\/\/www.facebook.com\/IBFFofficialpage\",\"https:\/\/twitter.com\/IBFF_Boxing\",\"https:\/\/www.youtube.com\/channel\/UC_48oiiLiCyFyEZDUqYQEYQ\"]}]}<\/script>\n<!-- \/ Yoast SEO plugin. -->","yoast_head_json":{"title":"IBFF\u00ae","robots":{"index":"index","follow":"follow","max-snippet":"max-snippet:-1","max-image-preview":"max-image-preview:large","max-video-preview":"max-video-preview:-1"},"canonical":"https:\/\/ibff.it\/prodotto\/groupboxing-for-kids\/","og_locale":"en_US","og_type":"article","og_description":"[...]","og_url":"https:\/\/ibff.it\/prodotto\/groupboxing-for-kids\/","og_site_name":"IBFF\u00ae","article_publisher":"https:\/\/www.facebook.com\/IBFFofficialpage","article_modified_time":"2024-07-06T10:55:32+00:00","og_image":[{"width":1200,"height":1200,"url":"https:\/\/ibff.it\/wp-content\/uploads\/2024\/07\/GB-kids-24.jpg","type":"image\/jpeg"}],"twitter_card":"summary_large_image","twitter_site":"@IBFF_Boxing","twitter_misc":{"Est. reading time":"2 minutes"},"schema":{"@context":"https:\/\/schema.org","@graph":[{"@type":"WebPage","@id":"https:\/\/ibff.it\/prodotto\/groupboxing-for-kids\/","url":"https:\/\/ibff.it\/prodotto\/groupboxing-for-kids\/","name":"GroupBoxing\u00ae for Kids - IBFF\u00ae","isPartOf":{"@id":"https:\/\/ibff.it\/#website"},"datePublished":"2024-07-06T10:45:25+00:00","dateModified":"2024-07-06T10:55:32+00:00","breadcrumb":{"@id":"https:\/\/ibff.it\/prodotto\/groupboxing-for-kids\/#breadcrumb"},"inLanguage":"en-US","potentialAction":[{"@type":"ReadAction","target":["https:\/\/ibff.it\/prodotto\/groupboxing-for-kids\/"]}]},{"@type":"BreadcrumbList","@id":"https:\/\/ibff.it\/prodotto\/groupboxing-for-kids\/#breadcrumb","itemListElement":[{"@type":"ListItem","position":1,"name":"Home","item":"https:\/\/ibff.it\/en\/home\/"},{"@type":"ListItem","position":2,"name":"Shop","item":"https:\/\/ibff.it\/shop\/"},{"@type":"ListItem","position":3,"name":"Video","item":"https:\/\/ibff.it\/en\/product-category\/video-en\/"},{"@type":"ListItem","position":4,"name":"GroupBoxing\u00ae for Kids"}]},{"@type":"WebSite","@id":"https:\/\/ibff.it\/#website","url":"https:\/\/ibff.it\/","name":"IBFF\u00ae","description":"Italian Boxing &amp; Fitness Federation","publisher":{"@id":"https:\/\/ibff.it\/#organization"},"potentialAction":[{"@type":"SearchAction","target":{"@type":"EntryPoint","urlTemplate":"https:\/\/ibff.it\/?s={search_term_string}"},"query-input":"required name=search_term_string"}],"inLanguage":"en-US"},{"@type":"Organization","@id":"https:\/\/ibff.it\/#organization","name":"IBFF - Italian Boxing & Fitness Federation","url":"https:\/\/ibff.it\/","logo":{"@type":"ImageObject","inLanguage":"en-US","@id":"https:\/\/ibff.it\/#\/schema\/logo\/image\/","url":"https:\/\/ibff.it\/wp-content\/uploads\/2017\/09\/logo-ibff-2X.png","contentUrl":"https:\/\/ibff.it\/wp-content\/uploads\/2017\/09\/logo-ibff-2X.png","width":300,"height":300,"caption":"IBFF - Italian Boxing & Fitness Federation"},"image":{"@id":"https:\/\/ibff.it\/#\/schema\/logo\/image\/"},"sameAs":["https:\/\/www.facebook.com\/IBFFofficialpage","https:\/\/twitter.com\/IBFF_Boxing","https:\/\/www.youtube.com\/channel\/UC_48oiiLiCyFyEZDUqYQEYQ"]}]}},"_links":{"self":[{"href":"https:\/\/ibff.it\/en\/wp-json\/wp\/v2\/product\/8706"}],"collection":[{"href":"https:\/\/ibff.it\/en\/wp-json\/wp\/v2\/product"}],"about":[{"href":"https:\/\/ibff.it\/en\/wp-json\/wp\/v2\/types\/product"}],"replies":[{"embeddable":true,"href":"https:\/\/ibff.it\/en\/wp-json\/wp\/v2\/comments?post=8706"}],"wp:featuredmedia":[{"embeddable":true,"href":"https:\/\/ibff.it\/en\/wp-json\/wp\/v2\/media\/8707"}],"wp:attachment":[{"href":"https:\/\/ibff.it\/en\/wp-json\/wp\/v2\/media?parent=8706"}],"wp:term":[{"taxonomy":"product_cat","embeddable":true,"href":"https:\/\/ibff.it\/en\/wp-json\/wp\/v2\/product_cat?post=8706"},{"taxonomy":"product_tag","embeddable":true,"href":"https:\/\/ibff.it\/en\/wp-json\/wp\/v2\/product_tag?post=8706"}],"curies":[{"name":"wp","href":"https:\/\/api.w.org\/{rel}","templated":true}]}}